{"id":9956,"date":"2024-04-17T16:11:35","date_gmt":"2024-04-17T14:11:35","guid":{"rendered":"https:\/\/www.geicogroup.com\/publicaciones\/guias-clinicas\/"},"modified":"2025-11-07T12:34:19","modified_gmt":"2025-11-07T11:34:19","slug":"clinical-guidelines","status":"publish","type":"page","link":"https:\/\/www.geicogroup.com\/en\/publications\/clinical-guidelines\/","title":{"rendered":"Clinical Guidelines"},"content":{"rendered":"\t\t<div data-elementor-type=\"wp-page\" data-elementor-id=\"9956\" class=\"elementor elementor-9956 elementor-5602\" data-elementor-post-type=\"page\">\n\t\t\t\t<div class=\"elementor-element elementor-element-75c4a04 e-flex e-con-boxed e-con e-parent\" data-id=\"75c4a04\" data-element_type=\"container\">\n\t\t\t\t\t<div class=\"e-con-inner\">\n\t\t\t\t<div class=\"elementor-element elementor-element-dd5ccd7 elementor-widget-tablet__width-initial elementor-widget elementor-widget-heading\" data-id=\"dd5ccd7\" data-element_type=\"widget\" data-widget_type=\"heading.default\">\n\t\t\t\t<div class=\"elementor-widget-container\">\n\t\t\t\t\t<h2 class=\"elementor-heading-title elementor-size-default\">Clinical Guidelines<\/h2>\t\t\t\t<\/div>\n\t\t\t\t<\/div>\n\t\t\t\t\t<\/div>\n\t\t\t\t<\/div>\n\t\t<div class=\"elementor-element elementor-element-90ee6ea e-flex e-con-boxed e-con e-parent\" data-id=\"90ee6ea\" data-element_type=\"container\">\n\t\t\t\t\t<div class=\"e-con-inner\">\n\t\t\t\t<div class=\"elementor-element elementor-element-2c09b59 elementor-widget elementor-widget-html\" data-id=\"2c09b59\" data-element_type=\"widget\" data-widget_type=\"html.default\">\n\t\t\t\t<div class=\"elementor-widget-container\">\n\t\t\t\t\t<div class=\"col-12 my-4 d-flex flex-wrap align-items-center  fecha publicaciones_fondo_azul\">\n    <div class=\"col-12 text-start texto_cantidad\">\n        Total Publications: 4\n    <\/div>\n\n\n<\/div>\n\n<div class=\"col-12 d-flex flex-wrap justify-content-center my-4\">\n                            \n                            <!--<div class=\"mb-4 my-lg-0 mb-lg-3 tarjeta_publicaciones\">\n\n<div class=\"titulo_contenido mb-3\" >\nClinical Guidelines\n                                <\/div>\n                                \n                                <p class=\"titulos publicaciones_color_azul\">\n                                SEOM-GEICO clinical guidelines on endometrial cancer (2021).\n                                <\/p>\n                                \n                                <p class=\"contenido fst-italic\">\n                                Barretina-Ginesta MP et al.\n                                <\/p>\n                                \n                                <a class=\"verMas\" href=\"https:\/\/link.springer.com\/article\/10.1007\/s12094-022-02799-7\" target=\"_blank\">View guideline<\/a>\n                                \n                            <\/div>-->\n                            \n                            <div class=\"mb-4 my-lg-0 mb-lg-3 tarjeta_publicaciones\">\n\n<div class=\"titulo_contenido mb-3\" >\nClinical Guideline\n                                <\/div>\n                                \n                                <p class=\"titulos publicaciones_color_azul\">\n                                SEOM-GEICO clinical guidelines on endometrial cancer (2025)\n                                <\/p>\n                                \n                                <p class=\"contenido fst-italic\">\n                                 S. P\u00e9rez Ram\u00edrez et al.\n                                <\/p>\n                                \n                                <a class=\"verMas\" href=\"https:\/\/link.springer.com\/article\/10.1007\/s12094-025-04046-1\" target=\"_blank\">View guideline<\/a>\n                                \n                            <\/div>\n                                \n                            <div class=\"my-4 my-lg-0 mt-md-0  mb-lg-3 tarjeta_publicaciones\">\n\n                                <div class=\"titulo_contenido mb-3\" >\n                                Clinical Guideline\n                                <\/div>\n                                \n                                <p class=\"titulos publicaciones_color_azul\">\n                                SEOM-GEICO clinical guideline on epithelial ovarian cancer (2023)\n                                <\/p>\n                                \n                                <p class=\"contenido fst-italic\">\n                                J.A P\u00e9rez Fidalgo et al.\n                                <\/p>\n\n                                <a class=\"verMas\" href=\"https:\/\/mcusercontent.com\/b0d8b14b096130daf62d315a8\/files\/1628254d-c4db-55c8-2d12-087b1d47ed47\/CTO_SEOM_GEICO_Gu_iacute_a_Cl_iacute_nica_ovario_2023.pdf\" target=\"_blank\">View guideline<\/a>\n\n                                \n                            <\/div>\n                            \n                            <div class=\"my-4 my-lg-0  mt-lg-3 tarjeta_publicaciones\">\n\n                                <div class=\"titulo_contenido mb-3\" >\n                                Clinical Guideline\n                                <\/div>\n                                \n                                <p class=\"titulos publicaciones_color_azul\">\n                                SEOM-GEICO clinical guidelines for cervical cancer (2023) \n                                <\/p>\n                                \n                                <p class=\"contenido fst-italic\">\n                                L. Manso et al.\n                                <\/p>\n                                \n                                <a href=\"https:\/\/link.springer.com\/content\/pdf\/10.1007\/s12094-024-03604-3.pdf\" target=\"_blank\" class=\"verMas\">\n                                    View guideline\n                                <\/a>\n                                \n                            <\/div>\n                            \n                            <div class=\"my-4 my-lg-0  mt-lg-3 tarjeta_publicaciones\">\n\n                                <div class=\"titulo_contenido mb-3\" >\n                                Clinical Guideline\n                                <\/div>\n                                \n                                <p class=\"titulos publicaciones_color_azul\">\n                                SEOM clinical guidelines in gestational trophoblastic disease (2017)\n                                <\/p>\n                                \n                                <p class=\"contenido fst-italic\">\n                                A. Santaballa et al.\n                                <\/p>\n                                \n                                <a class=\"verMas\" href=\"https:\/\/link.springer.com\/article\/10.1007\/s12094-017-1793-0\" target=\"_blank\">View guideline<\/a>\n\n                                \n                            <\/div>\n                            \n                        <\/div>\t\t\t\t<\/div>\n\t\t\t\t<\/div>\n\t\t\t\t\t<\/div>\n\t\t\t\t<\/div>\n\t\t\t\t<\/div>\n\t\t","protected":false},"excerpt":{"rendered":"<p>Clinical Guidelines Total Publications: 4 Clinical Guideline SEOM-GEICO clinical guidelines on endometrial cancer (2025) S. P\u00e9rez Ram\u00edrez et al. View guideline Clinical Guideline SEOM-GEICO clinical guideline on epithelial ovarian cancer (2023) J.A P\u00e9rez Fidalgo et al. View guideline Clinical Guideline SEOM-GEICO clinical guidelines for cervical cancer (2023) L. Manso et al. View guideline Clinical Guideline &#8230; <a title=\"Clinical Guidelines\" class=\"read-more\" href=\"https:\/\/www.geicogroup.com\/en\/publications\/clinical-guidelines\/\" aria-label=\"More on Clinical Guidelines\">Read more<\/a><\/p>\n","protected":false},"author":1,"featured_media":0,"parent":9884,"menu_order":0,"comment_status":"closed","ping_status":"closed","template":"template-profesional.php","meta":{"footnotes":"","_links_to":"","_links_to_target":""},"class_list":["post-9956","page","type-page","status-publish"],"_links":{"self":[{"href":"https:\/\/www.geicogroup.com\/en\/wp-json\/wp\/v2\/pages\/9956","targetHints":{"allow":["GET"]}}],"collection":[{"href":"https:\/\/www.geicogroup.com\/en\/wp-json\/wp\/v2\/pages"}],"about":[{"href":"https:\/\/www.geicogroup.com\/en\/wp-json\/wp\/v2\/types\/page"}],"author":[{"embeddable":true,"href":"https:\/\/www.geicogroup.com\/en\/wp-json\/wp\/v2\/users\/1"}],"replies":[{"embeddable":true,"href":"https:\/\/www.geicogroup.com\/en\/wp-json\/wp\/v2\/comments?post=9956"}],"version-history":[{"count":5,"href":"https:\/\/www.geicogroup.com\/en\/wp-json\/wp\/v2\/pages\/9956\/revisions"}],"predecessor-version":[{"id":10092,"href":"https:\/\/www.geicogroup.com\/en\/wp-json\/wp\/v2\/pages\/9956\/revisions\/10092"}],"up":[{"embeddable":true,"href":"https:\/\/www.geicogroup.com\/en\/wp-json\/wp\/v2\/pages\/9884"}],"wp:attachment":[{"href":"https:\/\/www.geicogroup.com\/en\/wp-json\/wp\/v2\/media?parent=9956"}],"curies":[{"name":"wp","href":"https:\/\/api.w.org\/{rel}","templated":true}]}}