{"id":9930,"date":"2023-10-23T09:44:43","date_gmt":"2023-10-23T07:44:43","guid":{"rendered":"https:\/\/www.geicogroup.com\/politica-privacidad\/"},"modified":"2026-04-30T12:52:31","modified_gmt":"2026-04-30T10:52:31","slug":"privacy-policy","status":"publish","type":"page","link":"https:\/\/www.geicogroup.com\/en\/privacy-policy\/","title":{"rendered":"Privacy policy"},"content":{"rendered":"\t\t<div data-elementor-type=\"wp-page\" data-elementor-id=\"9930\" class=\"elementor elementor-9930 elementor-3\" data-elementor-post-type=\"page\">\n\t\t\t\t<div class=\"elementor-element elementor-element-eafb6cb e-flex e-con-boxed e-con e-parent\" data-id=\"eafb6cb\" data-element_type=\"container\">\n\t\t\t\t\t<div class=\"e-con-inner\">\n\t\t\t\t<div class=\"elementor-element elementor-element-356da6b elementor-widget-tablet__width-initial elementor-widget elementor-widget-heading\" data-id=\"356da6b\" data-element_type=\"widget\" data-widget_type=\"heading.default\">\n\t\t\t\t<div class=\"elementor-widget-container\">\n\t\t\t\t\t<h2 class=\"elementor-heading-title elementor-size-default\">Privacy Policy<\/h2>\t\t\t\t<\/div>\n\t\t\t\t<\/div>\n\t\t\t\t\t<\/div>\n\t\t\t\t<\/div>\n\t\t<div class=\"elementor-element elementor-element-e9c9c69 e-flex e-con-boxed e-con e-parent\" data-id=\"e9c9c69\" data-element_type=\"container\">\n\t\t\t\t\t<div class=\"e-con-inner\">\n\t\t\t\t<div class=\"elementor-element elementor-element-e5405ed elementor-widget__width-inherit elementor-widget-divider--view-line elementor-widget elementor-widget-divider\" data-id=\"e5405ed\" data-element_type=\"widget\" data-widget_type=\"divider.default\">\n\t\t\t\t<div class=\"elementor-widget-container\">\n\t\t\t\t\t\t\t<div class=\"elementor-divider\">\n\t\t\t<span class=\"elementor-divider-separator\">\n\t\t\t\t\t\t<\/span>\n\t\t<\/div>\n\t\t\t\t\t\t<\/div>\n\t\t\t\t<\/div>\n\t\t\t\t\t<\/div>\n\t\t\t\t<\/div>\n\t\t<div class=\"elementor-element elementor-element-f7ac547 e-flex e-con-boxed e-con e-parent\" data-id=\"f7ac547\" data-element_type=\"container\">\n\t\t\t\t\t<div class=\"e-con-inner\">\n\t\t<div class=\"elementor-element elementor-element-47e2c4e e-con-full e-flex e-con e-child\" data-id=\"47e2c4e\" data-element_type=\"container\" data-settings=\"{&quot;background_background&quot;:&quot;classic&quot;}\">\n\t\t\t\t<div class=\"elementor-element elementor-element-911edf9 elementor-widget elementor-widget-text-editor\" data-id=\"911edf9\" data-element_type=\"widget\" data-widget_type=\"text-editor.default\">\n\t\t\t\t<div class=\"elementor-widget-container\">\n\t\t\t\t\t\t\t\t\t<h4 class=\"text-start\"><strong>Data Controller<\/strong><\/h4>\n<ul class=\"list-unstyled\">\n \t<li>Corporate Name: FUNDACI\u00d3N GRUPO ESPA\u00d1OL DE C\u00c1NCER GINECOL\u00d3GICO (GEICO)<\/li>\n \t<li>CIF: G-75997387<\/li>\n \t<li>Registered Address: c\/ Santa Engracia 151, 5<sup>th<\/sup> floor, door 2, 28003 Madrid.<\/li>\n \t<li>Email Address: <a href=\"mailto:secretaria@grupogeico.org\">secretaria@grupogeico.org<\/a><\/li>\n \t<li>Registry Details: Number of register 3022, National Register of Foundations<\/li>\n<\/ul>\nHereinafter, the <strong class=\"publicaciones_color_azul\">&#8216;Group&#8217;<\/strong> or the <strong class=\"publicaciones_color_azul\">&#8216;Controller&#8217;<\/strong>.\t\t\t\t\t\t\t\t<\/div>\n\t\t\t\t<\/div>\n\t\t\t\t<\/div>\n\t\t\t\t\t<\/div>\n\t\t\t\t<\/div>\n\t\t<div class=\"elementor-element elementor-element-78368b4 e-flex e-con-boxed e-con e-parent\" data-id=\"78368b4\" data-element_type=\"container\">\n\t\t\t\t\t<div class=\"e-con-inner\">\n\t\t<div class=\"elementor-element elementor-element-b503979 e-con-full e-flex e-con e-child\" data-id=\"b503979\" data-element_type=\"container\" data-settings=\"{&quot;background_background&quot;:&quot;classic&quot;}\">\n\t\t\t\t<div class=\"elementor-element elementor-element-20526d4 elementor-widget elementor-widget-text-editor\" data-id=\"20526d4\" data-element_type=\"widget\" data-widget_type=\"text-editor.default\">\n\t\t\t\t<div class=\"elementor-widget-container\">\n\t\t\t\t\t\t\t\t\t<h4 class=\"text-start\"><strong>Purpose<\/strong><\/h4>\nProcessing of the request to establish contact with the <strong class=\"publicaciones_color_azul\">&#8220;Group &#8220;<\/strong> through the completion of the form available on the website.\t\t\t\t\t\t\t\t<\/div>\n\t\t\t\t<\/div>\n\t\t\t\t<\/div>\n\t\t\t\t\t<\/div>\n\t\t\t\t<\/div>\n\t\t<div class=\"elementor-element elementor-element-1e63315 e-flex e-con-boxed e-con e-parent\" data-id=\"1e63315\" data-element_type=\"container\">\n\t\t\t\t\t<div class=\"e-con-inner\">\n\t\t<div class=\"elementor-element elementor-element-44fc233 e-con-full e-flex e-con e-child\" data-id=\"44fc233\" data-element_type=\"container\" data-settings=\"{&quot;background_background&quot;:&quot;classic&quot;}\">\n\t\t\t\t<div class=\"elementor-element elementor-element-08c444f elementor-widget elementor-widget-text-editor\" data-id=\"08c444f\" data-element_type=\"widget\" data-widget_type=\"text-editor.default\">\n\t\t\t\t<div class=\"elementor-widget-container\">\n\t\t\t\t\t\t\t\t\t<h4 class=\"text-start\"><strong>Data Retention Period<\/strong><\/h4>\nPersonal data will be retained for the time necessary to fulfil the purpose for which they were collected (the duration of the processing of the Request and, where applicable, subsequent communications between the Group and the Data Subject), and to determine any potential liabilities that may arise from such purpose and the processing of the data.\t\t\t\t\t\t\t\t<\/div>\n\t\t\t\t<\/div>\n\t\t\t\t<\/div>\n\t\t\t\t\t<\/div>\n\t\t\t\t<\/div>\n\t\t<div class=\"elementor-element elementor-element-6939554 e-flex e-con-boxed e-con e-parent\" data-id=\"6939554\" data-element_type=\"container\">\n\t\t\t\t\t<div class=\"e-con-inner\">\n\t\t<div class=\"elementor-element elementor-element-13c3bfd e-con-full e-flex e-con e-child\" data-id=\"13c3bfd\" data-element_type=\"container\" data-settings=\"{&quot;background_background&quot;:&quot;classic&quot;}\">\n\t\t\t\t<div class=\"elementor-element elementor-element-50003c4 elementor-widget elementor-widget-text-editor\" data-id=\"50003c4\" data-element_type=\"widget\" data-widget_type=\"text-editor.default\">\n\t\t\t\t<div class=\"elementor-widget-container\">\n\t\t\t\t\t\t\t\t\t<h4 class=\"text-start\"><strong>Legal Basis<\/strong><\/h4><p>Execution and management of the Request.<\/p><p>If you do not provide your data, your request cannot be processed.<\/p>\t\t\t\t\t\t\t\t<\/div>\n\t\t\t\t<\/div>\n\t\t\t\t<\/div>\n\t\t\t\t\t<\/div>\n\t\t\t\t<\/div>\n\t\t<div class=\"elementor-element elementor-element-d7581c9 e-flex e-con-boxed e-con e-parent\" data-id=\"d7581c9\" data-element_type=\"container\">\n\t\t\t\t\t<div class=\"e-con-inner\">\n\t\t<div class=\"elementor-element elementor-element-5b536c3 e-con-full e-flex e-con e-child\" data-id=\"5b536c3\" data-element_type=\"container\" data-settings=\"{&quot;background_background&quot;:&quot;classic&quot;}\">\n\t\t\t\t<div class=\"elementor-element elementor-element-2bcd80c elementor-widget elementor-widget-text-editor\" data-id=\"2bcd80c\" data-element_type=\"widget\" data-widget_type=\"text-editor.default\">\n\t\t\t\t<div class=\"elementor-widget-container\">\n\t\t\t\t\t\t\t\t\t<h4 class=\"text-start\"><strong>Recipients<\/strong><\/h4>\nThe controller.\t\t\t\t\t\t\t\t<\/div>\n\t\t\t\t<\/div>\n\t\t\t\t<\/div>\n\t\t\t\t\t<\/div>\n\t\t\t\t<\/div>\n\t\t<div class=\"elementor-element elementor-element-a29fab0 e-flex e-con-boxed e-con e-parent\" data-id=\"a29fab0\" data-element_type=\"container\">\n\t\t\t\t\t<div class=\"e-con-inner\">\n\t\t<div class=\"elementor-element elementor-element-334ad6c e-con-full e-flex e-con e-child\" data-id=\"334ad6c\" data-element_type=\"container\" data-settings=\"{&quot;background_background&quot;:&quot;classic&quot;}\">\n\t\t\t\t<div class=\"elementor-element elementor-element-0d06bcb elementor-widget elementor-widget-text-editor\" data-id=\"0d06bcb\" data-element_type=\"widget\" data-widget_type=\"text-editor.default\">\n\t\t\t\t<div class=\"elementor-widget-container\">\n\t\t\t\t\t\t\t\t\t<h4 class=\"text-start\"><strong>Rights<\/strong><\/h4><p>The applicant (the <strong class=\"publicaciones_color_azul\">&#8220;Data Subject&#8221;<\/strong>) has the right to obtain confirmation as to whether or not the Controller is processing personal data concerning them. The Data Subject may exercise the rights described below by writing to <a href=\"mailto:secretaria@grupogeico.org\">secretaria@grupogeico.org<\/a>. The Controller will respond to the Data Subject\u2019s request within <strong>one month<\/strong> from its receipt. This period may be extended by <strong>two additional months<\/strong> where necessary due to the complexity or number of requests submitted.<\/p><p>The Data Subject has the right to <strong>access<\/strong> their personal data, as well as to request the <strong>rectification<\/strong> of inaccurate data or the deletion of data that are no longer necessary for the purposes for which they were collected.<\/p><p>In certain circumstances, the Data Subject may request the <strong>restriction of processing<\/strong>, in which case the data will only be retained for the establishment, exercise, or defence of legal claims. However, exercising this right may result in the impossibility of processing the Data Subject\u2019s request.<\/p><p>The Data Subject may <strong>object<\/strong> to the processing of their data. However, exercising this right may result in the impossibility of processing the request. In such cases, the Controller will cease processing the data unless compelling legitimate grounds exist, or for the establishment, exercise, or defence of legal claims.<\/p><p>The Data Subject may also request the <strong>right to data portability<\/strong>, which refers to the ability to move, copy, or transfer personal data provided in the current request from one environment to another.<\/p><p>The Data Subject is reminded that they may file a complaint with the <strong>Spanish Data Protection Agency (AEPD)<\/strong>:<\/p><p><a href=\"https:\/\/www.aepd.es\/la-agencia\/en-que-podemos-ayudarte\" target=\"_blank\" rel=\"noopener\">https:\/\/www.aepd.es\/la-agencia\/en-que-podemos-ayudarte<\/a><\/p>\t\t\t\t\t\t\t\t<\/div>\n\t\t\t\t<\/div>\n\t\t\t\t<\/div>\n\t\t\t\t\t<\/div>\n\t\t\t\t<\/div>\n\t\t\t\t<\/div>\n\t\t","protected":false},"excerpt":{"rendered":"<p>Privacy Policy Data Controller Corporate Name: FUNDACI\u00d3N GRUPO ESPA\u00d1OL DE C\u00c1NCER GINECOL\u00d3GICO (GEICO) CIF: G-75997387 Registered Address: c\/ Santa Engracia 151, 5th floor, door 2, 28003 Madrid. Email Address: secretaria@grupogeico.org Registry Details: Number of register 3022, National Register of Foundations Hereinafter, the &#8216;Group&#8217; or the &#8216;Controller&#8217;. Purpose Processing of the request to establish contact with &#8230; <a title=\"Privacy policy\" class=\"read-more\" href=\"https:\/\/www.geicogroup.com\/en\/privacy-policy\/\" aria-label=\"More on Privacy policy\">Read more<\/a><\/p>\n","protected":false},"author":1,"featured_media":0,"parent":0,"menu_order":0,"comment_status":"closed","ping_status":"open","template":"template-profesional.php","meta":{"footnotes":"","_links_to":"","_links_to_target":""},"class_list":["post-9930","page","type-page","status-publish"],"_links":{"self":[{"href":"https:\/\/www.geicogroup.com\/en\/wp-json\/wp\/v2\/pages\/9930","targetHints":{"allow":["GET"]}}],"collection":[{"href":"https:\/\/www.geicogroup.com\/en\/wp-json\/wp\/v2\/pages"}],"about":[{"href":"https:\/\/www.geicogroup.com\/en\/wp-json\/wp\/v2\/types\/page"}],"author":[{"embeddable":true,"href":"https:\/\/www.geicogroup.com\/en\/wp-json\/wp\/v2\/users\/1"}],"replies":[{"embeddable":true,"href":"https:\/\/www.geicogroup.com\/en\/wp-json\/wp\/v2\/comments?post=9930"}],"version-history":[{"count":16,"href":"https:\/\/www.geicogroup.com\/en\/wp-json\/wp\/v2\/pages\/9930\/revisions"}],"predecessor-version":[{"id":10811,"href":"https:\/\/www.geicogroup.com\/en\/wp-json\/wp\/v2\/pages\/9930\/revisions\/10811"}],"wp:attachment":[{"href":"https:\/\/www.geicogroup.com\/en\/wp-json\/wp\/v2\/media?parent=9930"}],"curies":[{"name":"wp","href":"https:\/\/api.w.org\/{rel}","templated":true}]}}