{"id":9915,"date":"2024-05-29T08:54:34","date_gmt":"2024-05-29T06:54:34","guid":{"rendered":"https:\/\/www.geicogroup.com\/donaciones\/"},"modified":"2025-11-20T13:51:51","modified_gmt":"2025-11-20T12:51:51","slug":"donation","status":"publish","type":"page","link":"https:\/\/www.geicogroup.com\/en\/donation\/","title":{"rendered":"Donation"},"content":{"rendered":"\t\t<div data-elementor-type=\"wp-page\" data-elementor-id=\"9915\" class=\"elementor elementor-9915 elementor-6765\" data-elementor-post-type=\"page\">\n\t\t\t\t<div class=\"elementor-element elementor-element-d3e1d2e e-flex e-con-boxed e-con e-parent\" data-id=\"d3e1d2e\" data-element_type=\"container\">\n\t\t\t\t\t<div class=\"e-con-inner\">\n\t\t\t\t<div class=\"elementor-element elementor-element-83f6616 elementor-widget-tablet__width-initial elementor-widget-mobile__width-initial elementor-widget elementor-widget-heading\" data-id=\"83f6616\" data-element_type=\"widget\" data-widget_type=\"heading.default\">\n\t\t\t\t<div class=\"elementor-widget-container\">\n\t\t\t\t\t<h2 class=\"elementor-heading-title elementor-size-default\">Help us drive research and progress in gynecologic cancer<\/h2>\t\t\t\t<\/div>\n\t\t\t\t<\/div>\n\t\t\t\t\t<\/div>\n\t\t\t\t<\/div>\n\t\t<div class=\"elementor-element elementor-element-83e3642 e-flex e-con-boxed e-con e-parent\" data-id=\"83e3642\" data-element_type=\"container\">\n\t\t\t\t\t<div class=\"e-con-inner\">\n\t\t\t\t<div class=\"elementor-element elementor-element-0e91f31 elementor-widget__width-initial elementor-widget elementor-widget-text-editor\" data-id=\"0e91f31\" data-element_type=\"widget\" data-widget_type=\"text-editor.default\">\n\t\t\t\t<div class=\"elementor-widget-container\">\n\t\t\t\t\t\t\t\t\t<p><strong>Your donation is essential<\/strong><\/p><p>Every year, gynecologic cancer impacts the lives of thousands of women and their families. Although we have made significant progress, <strong>scientific research remains crucial<\/strong> to developing new treatments, improving early diagnosis and, ultimately, finding a cure.<\/p><p><strong>Your donation will be allocated exclusively to gynecologic cancer research<\/strong>, one of GEICO\u2019s most important activities, funding innovative studies that can change the future of these diseases.<\/p><p>Every euro you donate will go directly to research projects, ensuring that your contribution has an immediate and lasting impact in the fight against gynecologic cancer.<\/p><p><strong>Donate today<\/strong> and be part of the solution. Together, we can accelerate scientific advances and save lives.<\/p>\t\t\t\t\t\t\t\t<\/div>\n\t\t\t\t<\/div>\n\t\t\t\t\t<\/div>\n\t\t\t\t<\/div>\n\t\t<div class=\"elementor-element elementor-element-e92ecf2 e-flex e-con-boxed e-con e-parent\" data-id=\"e92ecf2\" data-element_type=\"container\">\n\t\t\t\t\t<div class=\"e-con-inner\">\n\t\t\t\t<div class=\"elementor-element elementor-element-614f846 elementor-widget elementor-widget-html\" data-id=\"614f846\" data-element_type=\"widget\" data-widget_type=\"html.default\">\n\t\t\t\t<div class=\"elementor-widget-container\">\n\t\t\t\t\t<div class=\"tarjeta_donaciones p-2 p-lg-5\">\n\n  <ul class=\"stepper\" id=\"stepper-form-example\" data-mdb-stepper-init data-mdb-stepper-type=\"vertical\">\n    <form id=\"solicitud\" class=\"needs-validation stepper-form\" method=\"POST\">\n\n      <li class=\"stepper-step stepper-active\">\n        <div class=\"stepper-head\">\n          <span class=\"stepper-head-icon\">1<\/span>\n          <span class=\"stepper-head-text\">Your contribution<\/span>\n        <\/div>\n\n        <div class=\"stepper-content py-3\">\n          \n            <div class=\"form-donaciones mb-4 d-flex flex-wrap\">\n                <span class=\"col-12 mb-3\">Your donation will be allocated to<\/span>\n                <select id=\"destino_donacion\" data-mdb-select-init class=\"form-control inputs_donaciones\">\n                    <option value=\"investigaci\u00f3n de c\u00e1ncer ginecol\u00f3gico\">Gynecologic Cancer Research<\/option>\n                   <!-- <option value=\"registro GEICO\">Registro GEICO<\/option>-->\n                <\/select>\n            <\/div>  \n\n            <div class=\"form-donaciones mb-4 d-flex flex-wrap\" data-mdb-input-init>\n                <span class=\"col-12\">How much would you like to give? <span id=\"error-cantidad\" class=\"error\"><\/span><\/span>\n                <input type=\"radio\" id=\"opcion_15\" name=\"aportar\" class=\"btn-check\" value=\"15\" autocomplete=\"off\" required\/>\n                <label class=\"checkbox_aportar\" for=\"opcion_15\" data-mdb-button-init data-mdb-ripple-init>15 \u20ac<\/label>\n                <input type=\"radio\" id=\"opcion_30\" name=\"aportar\" class=\"btn-check\" value=\"30\" autocomplete=\"off\" required\/>\n                <label class=\"checkbox_aportar\" for=\"opcion_30\" data-mdb-button-init data-mdb-ripple-init>30 \u20ac<\/label>\n                <input type=\"radio\" id=\"opcion_60\" name=\"aportar\" class=\"btn-check\" value=\"60\" autocomplete=\"off\" required\/>\n                <label class=\"checkbox_aportar\" for=\"opcion_60\" data-mdb-button-init data-mdb-ripple-init>60 \u20ac<\/label>\n                \n                <div class=\"other_cantidad\" style=\"position:relative\">\n                    <input type=\"number\" min=\"1\" class=\"checkbox_aportar_cantidad\" name=\"cantidad\" id=\"cantidad_itnroducida\" data-mdb-button-init data-mdb-ripple-init placeholder=\"Other Amount\" required\/>\n                    <span><\/span>\n                <\/div>\n            <\/div>    \n\n\n            <div class=\"form-donaciones mb-4 d-flex flex-wrap\" data-mdb-input-init>\n                <span class=\"col-12\">How often? <span id=\"error-opcion\" class=\"error\"><\/span><\/span>\n                <input type=\"radio\" id=\"opcion_puntual\" name=\"opcion\" class=\"btn-check\" value=\"puntual\" autocomplete=\"off\" required\/>\n                <label class=\"checkbox_tiempo\" for=\"opcion_puntual\" data-mdb-button-init data-mdb-ripple-init>One-time<\/label>\n                <input type=\"radio\" id=\"opcion_mensual\" name=\"opcion\" class=\"btn-check\" value=\"mensual\" autocomplete=\"off\" required\/>\n                <label class=\"checkbox_tiempo\" for=\"opcion_mensual\" data-mdb-button-init data-mdb-ripple-init>Monthly<\/label>\n                <input type=\"radio\" id=\"opcion_trimestral\" name=\"opcion\" class=\"btn-check\" value=\"trimestral\" autocomplete=\"off\" required\/>\n                <label class=\"checkbox_tiempo\" for=\"opcion_trimestral\" data-mdb-button-init data-mdb-ripple-init>Quarterly<\/label>\n                <input type=\"radio\" id=\"opcion_semestral\" name=\"opcion\" class=\"btn-check\" value=\"semestral\" autocomplete=\"off\" required\/>\n                <label class=\"checkbox_tiempo\" for=\"opcion_semestral\" data-mdb-button-init data-mdb-ripple-init>Biannual<\/label>\n            <\/div>\n\n            <button type=\"button\" class=\"btn btn_nextStep\" onclick=\"nextStepp(1)\">CONTINUE<\/button>\n\n        <\/div>\n      <\/li>\n\n      <li class=\"stepper-step \">\n        <div class=\"stepper-head\">\n          <span class=\"stepper-head-icon\">2<\/span>\n          <span class=\"stepper-head-text\">Your details<\/span>\n        <\/div>\n        <div class=\"stepper-content py-3\">\n         \n            <div class=\"form-donaciones mb-4\" data-mdb-input-init>\n                <input type=\"text\" id=\"name\" class=\"form-control inputs_donaciones\" required placeholder=\"First name*\"\/>\n            <\/div>\n\n\n                    <div class=\"form-donaciones mb-4\" data-mdb-input-init>\n                        <input type=\"text\" id=\"primer_apellido\" class=\"form-control inputs_donaciones\" required placeholder=\"Last name\" \/>\n                    <\/div>\n                \n   \n\n            <div class=\"form-donaciones mb-4\" data-mdb-input-init>\n                <input type=\"email\" id=\"email\" class=\"form-control inputs_donaciones\" required placeholder=\"Email\"\/>\n            <\/div>\n\n\n            <div class=\"d-flex flex-wrap\">\n\n                <div class=\"col-12 col-lg-6\">\n                    <div class=\"form-donaciones mb-4\" data-mdb-input-init>\n                        <input type=\"text\" id=\"dni\" class=\"form-control inputs_donaciones\" required placeholder=\"ID Number\" \/>\n                    <\/div>\n                <\/div>\n                <div class=\"col-12 col-lg-6 d-flex flex-wrap justify-content-end\">\n                    <div class=\"form-donaciones mb-4\" data-mdb-input-init>\n                        <input type=\"text\" id=\"telefono\" class=\"form-control inputs_donaciones\" required placeholder=\"Phone number\"\/>\n                    <\/div>\n\n                <\/div>\n\n            <\/div>\n\n            <div class=\"form-donaciones mb-4\" data-mdb-input-init>\n                <input type=\"text\" id=\"direccion\" class=\"form-control inputs_donaciones\" required placeholder=\"Address*\"\/>\n            <\/div>\n\n            <div class=\"d-flex flex-wrap\">\n\n                <div class=\"col-12 col-lg-4\">\n                    <div class=\"form-donaciones mb-4\" data-mdb-input-init>\n                        <input type=\"text\" id=\"ciudad\" class=\"form-control inputs_donaciones\" required placeholder=\"City\" \/>\n                    <\/div>\n                <\/div>\n                <div class=\"col-12 col-lg-4 d-flex flex-wrap justify-content-center\">\n                    <div class=\"form-donaciones mb-4\" data-mdb-input-init>\n                        <input type=\"text\" id=\"provincia\" class=\"form-control inputs_donaciones\" required placeholder=\"Province\" \/>\n                    <\/div>\n\n                <\/div>\n                <div class=\"col-12 col-lg-4 d-flex flex-wrap justify-content-end\">\n                    <div class=\"form-donaciones mb-4\" data-mdb-input-init>\n                        <input type=\"text\" id=\"cp\" class=\"form-control inputs_donaciones\" required placeholder=\"ZIP Code\" \/>\n                    <\/div>\n\n                <\/div>\n\n            <\/div>\n          \n            <button type=\"submit\" id=\"enviar_donacion\" class=\"btn btn_nextStep\">SEND<\/button>\n            <!--<button type=\"submit\" class=\"btn btn_nextStep\" onclick=\"nextStepp(2)\">CONTINUAR<\/button>-->\n        <\/div>\n      <\/li>\n\n    <\/form>\n  <\/ul>\n\n<\/div>\t\t\t\t<\/div>\n\t\t\t\t<\/div>\n\t\t\t\t\t<\/div>\n\t\t\t\t<\/div>\n\t\t\t\t<\/div>\n\t\t","protected":false},"excerpt":{"rendered":"<p>Help us drive research and progress in gynecologic cancer Your donation is essential Every year, gynecologic cancer impacts the lives of thousands of women and their families. Although we have made significant progress, scientific research remains crucial to developing new treatments, improving early diagnosis and, ultimately, finding a cure. Your donation will be allocated exclusively &#8230; <a title=\"Donation\" class=\"read-more\" href=\"https:\/\/www.geicogroup.com\/en\/donation\/\" aria-label=\"More on Donation\">Read more<\/a><\/p>\n","protected":false},"author":1,"featured_media":0,"parent":0,"menu_order":0,"comment_status":"closed","ping_status":"closed","template":"template-profesional.php","meta":{"footnotes":"","_links_to":"","_links_to_target":""},"class_list":["post-9915","page","type-page","status-publish"],"_links":{"self":[{"href":"https:\/\/www.geicogroup.com\/en\/wp-json\/wp\/v2\/pages\/9915","targetHints":{"allow":["GET"]}}],"collection":[{"href":"https:\/\/www.geicogroup.com\/en\/wp-json\/wp\/v2\/pages"}],"about":[{"href":"https:\/\/www.geicogroup.com\/en\/wp-json\/wp\/v2\/types\/page"}],"author":[{"embeddable":true,"href":"https:\/\/www.geicogroup.com\/en\/wp-json\/wp\/v2\/users\/1"}],"replies":[{"embeddable":true,"href":"https:\/\/www.geicogroup.com\/en\/wp-json\/wp\/v2\/comments?post=9915"}],"version-history":[{"count":17,"href":"https:\/\/www.geicogroup.com\/en\/wp-json\/wp\/v2\/pages\/9915\/revisions"}],"predecessor-version":[{"id":10272,"href":"https:\/\/www.geicogroup.com\/en\/wp-json\/wp\/v2\/pages\/9915\/revisions\/10272"}],"wp:attachment":[{"href":"https:\/\/www.geicogroup.com\/en\/wp-json\/wp\/v2\/media?parent=9915"}],"curies":[{"name":"wp","href":"https:\/\/api.w.org\/{rel}","templated":true}]}}