{"id":9863,"date":"2024-04-18T15:56:29","date_gmt":"2024-04-18T13:56:29","guid":{"rendered":"https:\/\/www.geicogroup.com\/research\/investigacion-clinica\/estudios-de-registro-y-observaciones\/"},"modified":"2025-11-07T13:55:43","modified_gmt":"2025-11-07T12:55:43","slug":"registry-and-observational-studies","status":"publish","type":"page","link":"https:\/\/www.geicogroup.com\/en\/research\/registry-and-observational-studies\/","title":{"rendered":"Registry and Observational Studies"},"content":{"rendered":"\t\t<div data-elementor-type=\"wp-page\" data-elementor-id=\"9863\" class=\"elementor elementor-9863 elementor-5763\" data-elementor-post-type=\"page\">\n\t\t\t\t<div class=\"elementor-element elementor-element-9e82cdf e-flex e-con-boxed e-con e-parent\" data-id=\"9e82cdf\" data-element_type=\"container\">\n\t\t\t\t\t<div class=\"e-con-inner\">\n\t\t\t\t<div class=\"elementor-element elementor-element-09035a7 elementor-widget-tablet__width-initial elementor-widget elementor-widget-heading\" data-id=\"09035a7\" data-element_type=\"widget\" data-widget_type=\"heading.default\">\n\t\t\t\t<div class=\"elementor-widget-container\">\n\t\t\t\t\t<h2 class=\"elementor-heading-title elementor-size-default\">Registry and Observational Studies<\/h2>\t\t\t\t<\/div>\n\t\t\t\t<\/div>\n\t\t\t\t\t<\/div>\n\t\t\t\t<\/div>\n\t\t<div class=\"elementor-element elementor-element-4edf490 e-flex e-con-boxed e-con e-parent\" data-id=\"4edf490\" data-element_type=\"container\">\n\t\t\t\t\t<div class=\"e-con-inner\">\n\t\t\t\t<div class=\"elementor-element elementor-element-a78c6f1 elementor-widget-tablet__width-initial elementor-widget elementor-widget-html\" data-id=\"a78c6f1\" data-element_type=\"widget\" data-widget_type=\"html.default\">\n\t\t\t\t<div class=\"elementor-widget-container\">\n\t\t\t\t\t<div class=\"w-100 d-flex flex-column\" id=\"contenido_filtros\">\n    <div id=\"investigacion_registro-abiertos\" class=\"d-flex flex-wrap justify-content-start abierto\">\n        <div class=\"col-12 mb-4 azul\">\n            Open Studies\n        <\/div>\n\n        <div class=\"layout_contenidos card d-flex flex-wrap\">\n            \n            <div class=\"col-12 ovario\">\n                <span>\n                    Research\n                <\/span>\n                <span>\n                    Registry\n                <\/span>\n            <\/div>\n            \n            <div class=\"col-12 mt-2\">\n                <span class=\"titulos_estudios\">\n                GEICO 120-R\/DORA\n                <\/span>\n                <p class=\"autor_estudios\">\n                    PI: Alejandro Gallego<br>\n\n                <\/p>\n            <\/div>\n            \n            <div class=\"col-12 mt-2 descripcion_estudios\">\n                A retrospective, real-world multicenter study of\u00a0DOstarlimab in patients with\u00a0Recurrent or\u00a0Advanced DNA mismatch repair deficient\/microsatellite instability-high (dMMR\/MSI-H) endometrial cancer\n            <\/div>\n            \n            <!--<a \n                class=\"col-12 mt-2 centros_hospitalarios\"\n                data-mdb-toggle=\"modal\"\n                data-mdb-target=\"#modalInvestigaciones\"\n                data-ensayo=\"Investigaci\u00f3n Registro\"\n                data-titulo=\"GEICO 120-R\/DORA\"\n                data-mdb-placement=\"top\">\n                Ver hospitales \n                <svg class=\"ms-2\" width=\"11\" height=\"10\" viewBox=\"0 0 11 10\" fill=\"none\" xmlns=\"http:\/\/www.w3.org\/2000\/svg\">\n                    <path d=\"M11 5.00407C10.9962 5.44281 10.8296 5.86228 10.5364 6.17158L7.16571 9.7575C7.0185 9.91282 6.81936 10 6.61179 10C6.40421 10 6.20507 9.91282 6.05786 9.7575C5.98421 9.67997 5.92576 9.58774 5.88587 9.48612C5.84598 9.38449 5.82544 9.27549 5.82544 9.1654C5.82544 9.05532 5.84598 8.94632 5.88587 8.84469C5.92576 8.74307 5.98421 8.65084 6.05786 8.57331L8.64286 5.83801H0.785714C0.57733 5.83801 0.377481 5.75015 0.230131 5.59375C0.0827805 5.43736 0 5.22525 0 5.00407C0 4.7829 0.0827805 4.57079 0.230131 4.41439C0.377481 4.258 0.57733 4.17014 0.785714 4.17014H8.64286L6.05786 1.4265C5.9099 1.27057 5.82637 1.05865 5.82563 0.837353C5.8249 0.616056 5.90702 0.403514 6.05393 0.246481C6.20084 0.089448 6.40051 0.000787735 6.60901 5.72205e-06C6.81751 -0.000776291 7.01776 0.0863848 7.16571 0.242311L10.5364 3.82823C10.8315 4.13958 10.9982 4.56244 11 5.00407Z\" fill=\"#6BA7BD\"\/>\n                <\/svg> \n            <\/a>\n            \n            <a class=\"verMas\" href=\"#\" target=\"_blank\">Ver m\u00e1s<\/a>-->\n\n        <\/div>\n\n        <div class=\"layout_contenidos card d-flex flex-wrap\">\n            \n            <div class=\"col-12 ovario\">\n                <span>\n                    Research\n                <\/span>\n                <span>\n                    Registry\n                <\/span>\n            <\/div>\n            \n            <div class=\"col-12 mt-2\">\n                <span class=\"titulos_estudios\">\n                    GEICO 88-R\/Niraparib\n                <\/span>\n                <p class=\"autor_estudios\">\n                    PI: Juan Cueva\n                <\/p>\n            <\/div>\n            \n            <div class=\"col-12 mt-2 descripcion_estudios\">\n                A retrospective multicenter and observational study of Niraparib in patients with platinum sensitive recurrent ovarian cancer who have received at least one dose of Niraparib within the EAP in Spain\n            <\/div>\n            \n            <!--<a \n                class=\"col-12 mt-2 centros_hospitalarios\"\n                data-mdb-toggle=\"modal\"\n                data-mdb-target=\"#modalInvestigaciones\"\n                data-ensayo=\"Investigaci\u00f3n Registro\"\n                data-titulo=\"GEICO 88-R\/Niraparib\"\n                data-mdb-placement=\"top\">\n                Ver hospitales \n                <svg class=\"ms-2\" width=\"11\" height=\"10\" viewBox=\"0 0 11 10\" fill=\"none\" xmlns=\"http:\/\/www.w3.org\/2000\/svg\">\n                    <path d=\"M11 5.00407C10.9962 5.44281 10.8296 5.86228 10.5364 6.17158L7.16571 9.7575C7.0185 9.91282 6.81936 10 6.61179 10C6.40421 10 6.20507 9.91282 6.05786 9.7575C5.98421 9.67997 5.92576 9.58774 5.88587 9.48612C5.84598 9.38449 5.82544 9.27549 5.82544 9.1654C5.82544 9.05532 5.84598 8.94632 5.88587 8.84469C5.92576 8.74307 5.98421 8.65084 6.05786 8.57331L8.64286 5.83801H0.785714C0.57733 5.83801 0.377481 5.75015 0.230131 5.59375C0.0827805 5.43736 0 5.22525 0 5.00407C0 4.7829 0.0827805 4.57079 0.230131 4.41439C0.377481 4.258 0.57733 4.17014 0.785714 4.17014H8.64286L6.05786 1.4265C5.9099 1.27057 5.82637 1.05865 5.82563 0.837353C5.8249 0.616056 5.90702 0.403514 6.05393 0.246481C6.20084 0.089448 6.40051 0.000787735 6.60901 5.72205e-06C6.81751 -0.000776291 7.01776 0.0863848 7.16571 0.242311L10.5364 3.82823C10.8315 4.13958 10.9982 4.56244 11 5.00407Z\" fill=\"#6BA7BD\"\/>\n                <\/svg> \n            <\/a>\n            \n            <a class=\"verMas\" href=\"#\" target=\"_blank\">Ver m\u00e1s<\/a>-->\n\n        <\/div>\n\n        <div class=\"layout_contenidos card d-flex flex-wrap\">\n            \n            <div class=\"col-12 ovario\">\n                <span>\n                    Research\n                <\/span>\n                <span>\n                    Registry\n                <\/span>\n            <\/div>\n            \n            <div class=\"col-12 mt-2\">\n                <span class=\"titulos_estudios\">\n                    GEICO 148-R\n                <\/span>\n                <p class=\"autor_estudios\">\n                    PI: Pilar Barretina\n                <\/p>\n            <\/div>\n            \n            <div class=\"col-12 mt-2 descripcion_estudios\">\n                Duration of treatment with PARP inhibitors in patients with platinum sensitive recurrent ovarian cancer: how long is long enough?\n            <\/div>\n            \n            <!--<a \n                class=\"col-12 mt-2 centros_hospitalarios\"\n                data-mdb-toggle=\"modal\"\n                data-mdb-target=\"#modalInvestigaciones\"\n                data-ensayo=\"Investigaci\u00f3n Registro\"\n                data-titulo=\"GEICO 148-R\"\n                data-mdb-placement=\"top\">\n                Ver hospitales \n                <svg class=\"ms-2\" width=\"11\" height=\"10\" viewBox=\"0 0 11 10\" fill=\"none\" xmlns=\"http:\/\/www.w3.org\/2000\/svg\">\n                    <path d=\"M11 5.00407C10.9962 5.44281 10.8296 5.86228 10.5364 6.17158L7.16571 9.7575C7.0185 9.91282 6.81936 10 6.61179 10C6.40421 10 6.20507 9.91282 6.05786 9.7575C5.98421 9.67997 5.92576 9.58774 5.88587 9.48612C5.84598 9.38449 5.82544 9.27549 5.82544 9.1654C5.82544 9.05532 5.84598 8.94632 5.88587 8.84469C5.92576 8.74307 5.98421 8.65084 6.05786 8.57331L8.64286 5.83801H0.785714C0.57733 5.83801 0.377481 5.75015 0.230131 5.59375C0.0827805 5.43736 0 5.22525 0 5.00407C0 4.7829 0.0827805 4.57079 0.230131 4.41439C0.377481 4.258 0.57733 4.17014 0.785714 4.17014H8.64286L6.05786 1.4265C5.9099 1.27057 5.82637 1.05865 5.82563 0.837353C5.8249 0.616056 5.90702 0.403514 6.05393 0.246481C6.20084 0.089448 6.40051 0.000787735 6.60901 5.72205e-06C6.81751 -0.000776291 7.01776 0.0863848 7.16571 0.242311L10.5364 3.82823C10.8315 4.13958 10.9982 4.56244 11 5.00407Z\" fill=\"#6BA7BD\"\/>\n                <\/svg> \n            <\/a>\n            \n            <a class=\"verMas\" href=\"#\" target=\"_blank\">Ver m\u00e1s<\/a>-->\n\n        <\/div>\n\n        <div class=\"layout_contenidos card d-flex flex-wrap\">\n            \n            <div class=\"col-12 ovario\">\n                <span>\n                    Research\n                <\/span>\n                <span>\n                    Registry\n                <\/span>\n            <\/div>\n            \n            <div class=\"col-12 mt-2\">\n                <span class=\"titulos_estudios\">\n                    GEICO 81-T\n                <\/span>\n                <p class=\"autor_estudios\">\n                    PI: Jose Ant\u00f3nio L\u00f3pez\n                <\/p>\n            <\/div>\n            \n            <div class=\"col-12 mt-2 descripcion_estudios\">\n                \u201cRegistro cl\u00ednico de pacientes diagnosticadas con c\u00e1ncer ginecol\u00f3gico del Grupo Espa\u00f1ol de Investigaci\u00f3n en C\u00e1ncer de Ovario (GEICO)\n            <\/div>\n            \n            <!--<a \n                class=\"col-12 mt-2 centros_hospitalarios\"\n                data-mdb-toggle=\"modal\"\n                data-mdb-target=\"#modalInvestigaciones\"\n                data-ensayo=\"Investigaci\u00f3n Registro\"\n                data-titulo=\"GEICO 81-T\"\n                data-mdb-placement=\"top\">\n                Ver hospitales \n                <svg class=\"ms-2\" width=\"11\" height=\"10\" viewBox=\"0 0 11 10\" fill=\"none\" xmlns=\"http:\/\/www.w3.org\/2000\/svg\">\n                    <path d=\"M11 5.00407C10.9962 5.44281 10.8296 5.86228 10.5364 6.17158L7.16571 9.7575C7.0185 9.91282 6.81936 10 6.61179 10C6.40421 10 6.20507 9.91282 6.05786 9.7575C5.98421 9.67997 5.92576 9.58774 5.88587 9.48612C5.84598 9.38449 5.82544 9.27549 5.82544 9.1654C5.82544 9.05532 5.84598 8.94632 5.88587 8.84469C5.92576 8.74307 5.98421 8.65084 6.05786 8.57331L8.64286 5.83801H0.785714C0.57733 5.83801 0.377481 5.75015 0.230131 5.59375C0.0827805 5.43736 0 5.22525 0 5.00407C0 4.7829 0.0827805 4.57079 0.230131 4.41439C0.377481 4.258 0.57733 4.17014 0.785714 4.17014H8.64286L6.05786 1.4265C5.9099 1.27057 5.82637 1.05865 5.82563 0.837353C5.8249 0.616056 5.90702 0.403514 6.05393 0.246481C6.20084 0.089448 6.40051 0.000787735 6.60901 5.72205e-06C6.81751 -0.000776291 7.01776 0.0863848 7.16571 0.242311L10.5364 3.82823C10.8315 4.13958 10.9982 4.56244 11 5.00407Z\" fill=\"#6BA7BD\"\/>\n                <\/svg> \n            <\/a>\n            \n            <a class=\"verMas\" href=\"#\" target=\"_blank\">Ver m\u00e1s<\/a>-->\n\n        <\/div>\n\n    <\/div>\n    \n    <div class=\"separator col-12\"> <\/div>\n    \n    <div id=\"investigacion_registro-cerrados\" class=\"d-flex flex-wrap justify-content-start abierto\">\n        \n        <div class=\"col-12 mb-4 rojo\">\n            Closed Studies\n        <\/div>\n\n        <div class=\"layout_contenidos card d-flex flex-wrap\">\n            \n            <div class=\"col-12 ovario\">\n                <span>\n                    Research\n                <\/span>\n                <span>\n                    Registry\n                <\/span>\n            <\/div>\n            \n            <div class=\"col-12 mt-2\">\n                <span class=\"titulos_estudios\">\n                    GEICO 87-R\n                <\/span>\n                <p class=\"autor_estudios\">\n                    PI: Alfonso Yubero\n                <\/p>\n            <\/div>\n            \n            <div class=\"col-12 mt-2 descripcion_estudios\">\n                ANALYSIS OF THE CLINICAL EXPERIENCE WITH RUCAPARIB IN THE RUCAPARIB ACCESS PROGRAMME (RAP) IN SPAIN - A GEICO STUDY\n            <\/div>\n            <!--\n            <a \n                class=\"col-12 mt-2 centros_hospitalarios\"\n                data-mdb-toggle=\"modal\"\n                data-mdb-target=\"#modalInvestigaciones\"\n                data-ensayo=\"Investigaci\u00f3n Registro\"\n                data-titulo=\"GEICO 87-R\"\n                data-mdb-placement=\"top\">\n                Ver hospitales \n                <svg class=\"ms-2\" width=\"11\" height=\"10\" viewBox=\"0 0 11 10\" fill=\"none\" xmlns=\"http:\/\/www.w3.org\/2000\/svg\">\n                    <path d=\"M11 5.00407C10.9962 5.44281 10.8296 5.86228 10.5364 6.17158L7.16571 9.7575C7.0185 9.91282 6.81936 10 6.61179 10C6.40421 10 6.20507 9.91282 6.05786 9.7575C5.98421 9.67997 5.92576 9.58774 5.88587 9.48612C5.84598 9.38449 5.82544 9.27549 5.82544 9.1654C5.82544 9.05532 5.84598 8.94632 5.88587 8.84469C5.92576 8.74307 5.98421 8.65084 6.05786 8.57331L8.64286 5.83801H0.785714C0.57733 5.83801 0.377481 5.75015 0.230131 5.59375C0.0827805 5.43736 0 5.22525 0 5.00407C0 4.7829 0.0827805 4.57079 0.230131 4.41439C0.377481 4.258 0.57733 4.17014 0.785714 4.17014H8.64286L6.05786 1.4265C5.9099 1.27057 5.82637 1.05865 5.82563 0.837353C5.8249 0.616056 5.90702 0.403514 6.05393 0.246481C6.20084 0.089448 6.40051 0.000787735 6.60901 5.72205e-06C6.81751 -0.000776291 7.01776 0.0863848 7.16571 0.242311L10.5364 3.82823C10.8315 4.13958 10.9982 4.56244 11 5.00407Z\" fill=\"#6BA7BD\"\/>\n                <\/svg> \n            <\/a>-->\n            \n            <!--<a class=\"verMas\" href=\"#\" target=\"_blank\">Ver m\u00e1s<\/a>-->\n\n        <\/div>\n\n    <\/div>\n\n<\/div>\n\n<div class=\"modal fade\" id=\"modalInvestigaciones\" data-mdb-keyboard=\"false\"\n    tabindex=\"-1\" aria-labelledby=\"\" aria-hidden=\"true\">\n\n    <div class=\"modal-dialog modal-xl modal-dialog-centered\">\n    \n        <div class=\"modal-content\">\n            \n            <div class=\"modal-header\">\n                <h5 id=\"title_modal_investigaciones\" class=\"modal-title text-uppercase font fs-6\"><\/h5>\n                <button type=\"button\" class=\"btn-close\" data-mdb-dismiss=\"modal\" aria-label=\"Close\"><\/button>\n            <\/div>\n            \n            <div id=\"body_modal_investigaciones\" class=\"modal-body w-100 d-flex flex-wrap p-3\"><\/div>\n            \n            <div class=\"modal-footer modal-centered\">\n                <button id=\"boton_cerrar_investigaciones\" type=\"button\" class=\"btn\" data-mdb-dismiss=\"modal\">Cerrar<\/button>\n            <\/div>\n        \n        <\/div>\n    <\/div>\n\n<\/div>\t\t\t\t<\/div>\n\t\t\t\t<\/div>\n\t\t\t\t\t<\/div>\n\t\t\t\t<\/div>\n\t\t\t\t<\/div>\n\t\t","protected":false},"excerpt":{"rendered":"<p>Registry and Observational Studies Open Studies Research Registry GEICO 120-R\/DORA PI: Alejandro Gallego A retrospective, real-world multicenter study of\u00a0DOstarlimab in patients with\u00a0Recurrent or\u00a0Advanced DNA mismatch repair deficient\/microsatellite instability-high (dMMR\/MSI-H) endometrial cancer Research Registry GEICO 88-R\/Niraparib PI: Juan Cueva A retrospective multicenter and observational study of Niraparib in patients with platinum sensitive recurrent ovarian cancer who &#8230; <a title=\"Registry and Observational Studies\" class=\"read-more\" href=\"https:\/\/www.geicogroup.com\/en\/research\/registry-and-observational-studies\/\" aria-label=\"More on Registry and Observational Studies\">Read more<\/a><\/p>\n","protected":false},"author":1,"featured_media":0,"parent":9853,"menu_order":0,"comment_status":"closed","ping_status":"closed","template":"template-profesional.php","meta":{"footnotes":"","_links_to":"","_links_to_target":""},"class_list":["post-9863","page","type-page","status-publish"],"_links":{"self":[{"href":"https:\/\/www.geicogroup.com\/en\/wp-json\/wp\/v2\/pages\/9863","targetHints":{"allow":["GET"]}}],"collection":[{"href":"https:\/\/www.geicogroup.com\/en\/wp-json\/wp\/v2\/pages"}],"about":[{"href":"https:\/\/www.geicogroup.com\/en\/wp-json\/wp\/v2\/types\/page"}],"author":[{"embeddable":true,"href":"https:\/\/www.geicogroup.com\/en\/wp-json\/wp\/v2\/users\/1"}],"replies":[{"embeddable":true,"href":"https:\/\/www.geicogroup.com\/en\/wp-json\/wp\/v2\/comments?post=9863"}],"version-history":[{"count":5,"href":"https:\/\/www.geicogroup.com\/en\/wp-json\/wp\/v2\/pages\/9863\/revisions"}],"predecessor-version":[{"id":10133,"href":"https:\/\/www.geicogroup.com\/en\/wp-json\/wp\/v2\/pages\/9863\/revisions\/10133"}],"up":[{"embeddable":true,"href":"https:\/\/www.geicogroup.com\/en\/wp-json\/wp\/v2\/pages\/9853"}],"wp:attachment":[{"href":"https:\/\/www.geicogroup.com\/en\/wp-json\/wp\/v2\/media?parent=9863"}],"curies":[{"name":"wp","href":"https:\/\/api.w.org\/{rel}","templated":true}]}}